{"id":35,"date":"2023-10-23T04:23:34","date_gmt":"2023-10-23T04:23:34","guid":{"rendered":"https:\/\/vacationapartment.nl\/?page_id=35"},"modified":"2023-10-25T07:35:56","modified_gmt":"2023-10-25T07:35:56","slug":"impressum","status":"publish","type":"page","link":"https:\/\/vacationapartment.nl\/en\/impressum\/","title":{"rendered":"Impressum"},"content":{"rendered":"\t\t<div data-elementor-type=\"wp-page\" data-elementor-id=\"35\" class=\"elementor elementor-35\">\n\t\t\t\t<div class=\"elementor-element elementor-element-5726c2a e-flex e-con-boxed e-con e-parent\" data-id=\"5726c2a\" data-element_type=\"container\">\n\t\t\t\t\t<div class=\"e-con-inner\">\n\t\t\t\t<div class=\"elementor-element elementor-element-a66e945 elementor-view-default elementor-widget elementor-widget-icon\" data-id=\"a66e945\" data-element_type=\"widget\" data-widget_type=\"icon.default\">\n\t\t\t\t<div class=\"elementor-widget-container\">\n\t\t\t\t\t\t\t<div class=\"elementor-icon-wrapper\">\n\t\t\t<a class=\"elementor-icon\" href=\"https:\/\/vacationapartment.nl\/\">\n\t\t\t<i aria-hidden=\"true\" class=\"fas fa-home\"><\/i>\t\t\t<\/a>\n\t\t<\/div>\n\t\t\t\t\t\t<\/div>\n\t\t\t\t<\/div>\n\t\t\t\t\t<\/div>\n\t\t\t\t<\/div>\n\t\t\t\t<section class=\"elementor-section elementor-top-section elementor-element elementor-element-4dfaf68 elementor-section-content-middle envato-kit-141-top-0 elementor-section-boxed elementor-section-height-default elementor-section-height-default\" data-id=\"4dfaf68\" data-element_type=\"section\" data-settings=\"{&quot;background_background&quot;:&quot;classic&quot;}\">\n\t\t\t\t\t\t\t<div class=\"elementor-background-overlay\"><\/div>\n\t\t\t\t\t\t\t<div class=\"elementor-container elementor-column-gap-wide\">\n\t\t\t\t\t<div class=\"elementor-column elementor-col-100 elementor-top-column elementor-element elementor-element-542ef3bd\" data-id=\"542ef3bd\" data-element_type=\"column\">\n\t\t\t<div class=\"elementor-widget-wrap elementor-element-populated\">\n\t\t\t\t\t\t<section class=\"elementor-section elementor-inner-section elementor-element elementor-element-10a3da33 elementor-section-boxed elementor-section-height-default elementor-section-height-default\" data-id=\"10a3da33\" data-element_type=\"section\">\n\t\t\t\t\t\t<div class=\"elementor-container elementor-column-gap-no\">\n\t\t\t\t\t<div class=\"elementor-column elementor-col-100 elementor-inner-column elementor-element elementor-element-7edf9b34\" data-id=\"7edf9b34\" data-element_type=\"column\">\n\t\t\t<div class=\"elementor-widget-wrap elementor-element-populated\">\n\t\t\t\t\t\t<div class=\"elementor-element elementor-element-2358ce28 elementor-widget elementor-widget-spacer\" data-id=\"2358ce28\" data-element_type=\"widget\" data-widget_type=\"spacer.default\">\n\t\t\t\t<div class=\"elementor-widget-container\">\n\t\t\t\t\t\t\t<div class=\"elementor-spacer\">\n\t\t\t<div class=\"elementor-spacer-inner\"><\/div>\n\t\t<\/div>\n\t\t\t\t\t\t<\/div>\n\t\t\t\t<\/div>\n\t\t\t\t<div class=\"elementor-element elementor-element-44f527a8 elementor-widget elementor-widget-heading\" data-id=\"44f527a8\" data-element_type=\"widget\" data-widget_type=\"heading.default\">\n\t\t\t\t<div class=\"elementor-widget-container\">\n\t\t\t\t\t<h2 class=\"elementor-heading-title elementor-size-default\"><p style=\"margin-bottom: 0.0001pt;line-height: 16pt;background-image: initial;background-position: initial;background-size: initial;background-attachment: initial\"><span style=\"font-size: 16pt;font-family: Arial, sans-serif;letter-spacing: 1.5pt\">IMPRESSUM <\/span><\/p>\n\n<p style=\"margin-bottom: 0.0001pt;line-height: 16pt;background-image: initial;background-position: initial;background-size: initial;background-attachment: initial\"><span style=\"font-size: 16pt;font-family: Arial, sans-serif;letter-spacing: 1.5pt;border-width: 1pt;border-style: none;border-color: windowtext;padding: 0cm\">MICHAEL UND KERSTIN ALTEN<\/span><\/p>\n<p style=\"margin-bottom: 0.0001pt;line-height: 16pt;background-image: initial;background-position: initial;background-size: initial;background-attachment: initial\"><span style=\"font-size: 16pt;font-family: Arial, sans-serif;letter-spacing: 1.5pt;border-width: 1pt;border-style: none;border-color: windowtext;padding: 0cm\">SCHADALLERSTRASSE 35<\/span><\/p>\n<p style=\"margin-bottom: 0.0001pt;line-height: 16pt;background-image: initial;background-position: initial;background-size: initial;background-attachment: initial\"><span style=\"font-size: 16pt;font-family: Arial, sans-serif;letter-spacing: 1.5pt;border-width: 1pt;border-style: none;border-color: windowtext;padding: 0cm\">54439 SAARBURG<\/span><span style=\"font-family: Arial, sans-serif;font-size: 16pt;letter-spacing: 1.5pt;color: var( --e-global-color-primary )\">&nbsp;<\/span><\/p>\n\n<p style=\"margin-bottom: 0.0001pt;line-height: 16pt;background-image: initial;background-position: initial;background-size: initial;background-attachment: initial\"><span style=\"font-size: 16pt;font-family: Arial, sans-serif;letter-spacing: 1.5pt\">WEBMASTER@VACATIONAPARTMENT.NL<br>\n0049 (0) 15120149990<\/span><\/p>\n<p style=\"margin-bottom: 0.0001pt;line-height: 16pt;background-image: initial;background-position: initial;background-size: initial;background-attachment: initial\"><span style=\"font-size: 16pt;font-family: Arial, sans-serif;letter-spacing: 1.5pt\">UMSATZSTEUER-NR.: NL826301289B01<\/span><\/p><\/h2>\t\t\t\t<\/div>\n\t\t\t\t<\/div>\n\t\t\t\t<div class=\"elementor-element elementor-element-53c3ce94 elementor-widget elementor-widget-text-editor\" data-id=\"53c3ce94\" data-element_type=\"widget\" data-widget_type=\"text-editor.default\">\n\t\t\t\t<div class=\"elementor-widget-container\">\n\t\t\t\t\t\t\t\t\t<p>DISCLAIMER<\/p><p>\u00a0<\/p><ol><li><strong> Warnhinweis zu Inhalten<\/strong><\/li><\/ol><p>Die kostenlosen und frei zug\u00e4nglichen Inhalte dieser Webseite wurden mit gr\u00f6\u00dftm\u00f6glicher Sorgfalt erstellt. Der Anbieter dieser Webseite \u00fcbernimmt jedoch keine Gew\u00e4hr f\u00fcr die Richtigkeit und Aktualit\u00e4t der bereitgestellten kostenlosen und frei zug\u00e4nglichen journalistischen Ratgeber und Nachrichten. Die Nutzung dieser Webseiteninhalte erfolgt auf eigene Gefahr. Allein durch den Aufruf dieser kostenlosen und frei zug\u00e4nglichen Inhalte kommt keinerlei Vertragsverh\u00e4ltnis zwischen dem Nutzer und dem Anbieter zustande, insoweit fehlt es am Rechtsbindungswillen des Anbieters.<\/p><ol start=\"2\"><li><strong> Verlinkungen<\/strong><\/li><\/ol><p>Die Webseite enth\u00e4lt Verlinkungen zu anderen Webseiten (\u201eexterne Links\u201c). Diese Webseiten unterliegen der Haftung der jeweiligen Seitenbetreiber. Bei Verkn\u00fcpfung der externen Links waren keine Rechtsverst\u00f6\u00dfe ersichtlich. Auf die aktuelle und k\u00fcnftige Gestaltung der verlinkten Seiten hat der Anbieter keinen Einfluss. Die permanente \u00dcberpr\u00fcfung der externen Links ist f\u00fcr den Anbieter ohne konkrete Hinweise auf Rechtsverst\u00f6\u00dfe nicht zumutbar. Bei Bekanntwerden von Rechtsverst\u00f6\u00dfen werden die betroffenen externen Links unverz\u00fcglich gel\u00f6scht.<\/p><ol start=\"3\"><li><strong> Urheberrecht \/ Leistungsschutzrecht<\/strong><\/li><\/ol><p>Die auf dieser Webseite durch den Anbieter ver\u00f6ffentlichten Inhalte unterliegen dem deutschen Urheberrecht und Leistungsschutzrecht. Alle vom deutschen Urheber- und Leistungsschutzrecht nicht zugelassene Verwertung bedarf der vorherigen schriftlichen Zustimmung des Anbieters oder jeweiligen Rechteinhabers. Dies gilt vor allem f\u00fcr Vervielf\u00e4ltigung, Bearbeitung, \u00dcbersetzung, Einspeicherung, Verarbeitung bzw. Wiedergabe von Inhalten in Datenbanken oder anderen elektronischen Medien und Systemen. Dabei sind Inhalte und Rechte Dritter als solche gekennzeichnet. Das unerlaubte Kopieren der Webseiteninhalte oder der kompletten Webseite ist nicht gestattet und strafbar. Lediglich die Herstellung von Kopien und Downloads f\u00fcr den pers\u00f6nlichen, privaten und nicht kommerziellen Gebrauch ist erlaubt.<\/p><p>Diese Website darf ohne schriftliche Erlaubnis nicht durch Dritte in Frames oder iFrames dargestellt werden.<\/p><ol start=\"4\"><li><strong> Keine Werbung<\/strong><\/li><\/ol><p>Die Verwendung der Kontaktdaten des Impressums zur gewerblichen Werbung ist ausdr\u00fccklich nicht erw\u00fcnscht, es sei denn der Anbieter hatte zuvor seine schriftliche Einwilligung erteilt oder es besteht bereits eine Gesch\u00e4ftsbeziehung. Der Anbieter und alle auf dieser Website genannten Personen widersprechen hiermit jeder kommerziellen Verwendung und Weitergabe ihrer Daten.<\/p><ol start=\"5\"><li><strong> Besondere Nutzungsbedingungen<\/strong><\/li><\/ol><p>Soweit besondere Bedingungen f\u00fcr einzelne Nutzungen dieser Website von den vorgenannten Nummern 1. bis 4. abweichen, wird an entsprechender Stelle ausdr\u00fccklich darauf hingewiesen. In diesem Falle gelten im jeweiligen Einzelfall die besonderen Bedingungen.<\/p><p>Quelle:\u00a0<a href=\"https:\/\/www.fachanwalt.de\/disclaimer-vorlage\/\">Original aufrufen https:\/\/www.fachanwalt.de\/disclaimer-vorlage\/<\/a><\/p><p>\u00a0<\/p><p><strong>Datenschutzhinweise<\/strong><\/p><p><strong style=\"font-size: 14px; color: var( --e-global-color-primary );\">I. Informationen \u00fcber die Verarbeitung Ihrer Daten gem\u00e4\u00df Art. 13 der Datenschutz-Grundverordnung (DS-GVO)<\/strong><\/p><p><strong style=\"font-size: 14px; color: var( --e-global-color-primary );\">1. Verantwortlicher und Datenschutzbeauftragter<\/strong><\/p><p>Verantwortlich f\u00fcr diese Website ist<\/p><p>Michael und Kerstin Alten, Schadallerstra\u00dfe 35, 54439 Saarburg, Tel. 0049 (0) 15120149990<\/p><p><span style=\"color: var( --e-global-color-primary ); font-family: Roboto, sans-serif; font-size: 14px; font-style: normal; font-variant-ligatures: normal; font-variant-caps: normal; font-weight: 600;\">2.\u00a0<\/span><strong style=\"font-size: 14px; color: var( --e-global-color-primary );\">Daten, die f\u00fcr die Bereitstellung der Website und die Erstellung der Protokolldateien verarbeitet werden<\/strong><\/p><p><strong style=\"font-size: 14px; color: var( --e-global-color-primary );\">Welche Daten werden f\u00fcr welchen Zweck verarbeitet?<\/strong><\/p><p>Bei jedem Zugriff auf Inhalte der Website werden vor\u00fcbergehend Daten gespeichert, die m\u00f6glicherweise eine Identifizierung zulassen. Die folgenden Daten werden hierbei erhoben:<\/p><p>\u2013\u00a0Datum und Uhrzeit des Zugriffs<\/p><p>\u2013 IP-Adresse<\/p><p>\u2013\u00a0Hostname des zugreifenden Rechners<\/p><p>\u2013\u00a0Website, von der aus die Website aufgerufen wurde<\/p><p>\u2013\u00a0Websites, die \u00fcber die Website aufgerufen werden<\/p><p>\u2013\u00a0Besuchte Seite auf unserer Website<\/p><p>\u2013\u00a0Meldung, ob der Abruf erfolgreich war<\/p><p>\u2013\u00a0\u00dcbertragene Datenmenge<\/p><p>\u2013\u00a0Informationen \u00fcber den Browsertyp und die verwendete Version<\/p><p>\u2013\u00a0Betriebssystem<\/p><p>Die vor\u00fcbergehende Speicherung der Daten ist f\u00fcr den Ablauf eines Websitebesuchs erforderlich, um eine Auslieferung der Website zu erm\u00f6glichen. Eine weitere Speicherung in Protokolldateien erfolgt, um die Funktionsf\u00e4higkeit der Website und die Sicherheit der informationstechnischen Systeme sicherzustellen. In diesen Zwecken liegt auch unser berechtigtes Interesse an der Datenverarbeitung.<\/p><p><strong style=\"font-size: 14px; color: var( --e-global-color-primary );\">Auf welcher Rechtsgrundlage werden diese Daten verarbeitet?<\/strong><\/p><p>Die Daten werden auf der Grundlage des Art. 6 Abs. 1 Buchstabe f DS-GVO verarbeitet.<\/p><p><strong style=\"font-size: 14px; color: var( --e-global-color-primary );\">[Bei Bedarf] Gibt es neben dem Verantwortlichen weitere Empf\u00e4nger der personenbezogenen Daten?<\/strong><\/p><p>Die Website wird bei [Name, Postadresse, E-Mail-Adresse des Hosters] gehostet. Der Hoster empf\u00e4ngt die oben genannten Daten als Auftragsverarbeiter.<\/p><p><strong style=\"font-size: 14px; color: var( --e-global-color-primary );\">Wie lange werden die Daten gespeichert?<\/strong><\/p><p>Die Daten werden gel\u00f6scht, sobald sie f\u00fcr die Erreichung des Zwecks ihrer Erhebung nicht mehr erforderlich sind. Bei der Bereitstellung der Website ist dies der Fall, wenn die jeweilige Sitzung beendet ist. Die Protokolldateien werden [\u2026, maximal bis zu 24 Stunden] direkt und ausschlie\u00dflich f\u00fcr Administratoren zug\u00e4nglich aufbewahrt. Danach sind sie nur noch indirekt \u00fcber die Rekonstruktion von Sicherungsb\u00e4ndern verf\u00fcgbar und werden nach [\u2026, maximal vier Wochen] endg\u00fcltig gel\u00f6scht.<\/p><p><strong style=\"font-size: 14px; color: var( --e-global-color-primary );\">3. Betroffenenrechte<\/strong><\/p><p><strong style=\"font-size: 14px; color: var( --e-global-color-primary );\">Recht auf Auskunft<\/strong><\/p><p>Sie k\u00f6nnen Auskunft nach Art. 15 DS-GVO \u00fcber Ihre personenbezogenen Daten verlangen, die wir verarbeiten.<\/p><p><strong style=\"font-size: 14px; color: var( --e-global-color-primary );\">Recht auf Widerspruch:<\/strong><\/p><p>Sie haben ein Recht auf Widerspruch aus besonderen Gr\u00fcnden (siehe unter Punkt II).<\/p><p><strong style=\"font-size: 14px; color: var( --e-global-color-primary );\">Recht auf Berichtigung<\/strong><\/p><p>Sollten die Sie betreffenden Angaben nicht (mehr) zutreffend sein, k\u00f6nnen Sie nach Art. 16 DS-GVO eine Berichtigung verlangen. Sollten Ihre Daten unvollst\u00e4ndig sein, k\u00f6nnen Sie eine Vervollst\u00e4ndigung verlangen.<\/p><p><strong style=\"font-size: 14px; color: var( --e-global-color-primary );\">Recht auf L\u00f6schung<\/strong><\/p><p>Sie k\u00f6nnen nach Art. 17 DS-GVO die L\u00f6schung Ihrer personenbezogenen Daten verlangen.<\/p><p><strong style=\"font-size: 14px; color: var( --e-global-color-primary );\">Recht auf Einschr\u00e4nkung der Verarbeitung<\/strong><\/p><p>Sie haben nach Art. 18 DS-GVO das Recht, eine Einschr\u00e4nkung der Verarbeitung Ihrer personenbezogenen Daten zu verlangen.<\/p><p><strong style=\"font-size: 14px; color: var( --e-global-color-primary );\">Recht auf Beschwerde<\/strong><\/p><p>Wenn Sie der Ansicht sind, dass die Verarbeitung Ihrer personenbezogenen Daten gegen Datenschutzrecht verst\u00f6\u00dft, haben Sie nach Ar. 77 Abs. 1 DS-GVO das Recht, sich bei einer Datenschutzaufsichtsbeh\u00f6rde eigener Wahl zu beschweren. Hierzu geh\u00f6rt auch die f\u00fcr den Verantwortlichen zust\u00e4ndige Datenschutzaufsichtsbeh\u00f6rde: Landesbeauftragte f\u00fcr Datenschutz und Informationsfreiheit Rheinland-Pfalz,\u00a0<strong><em><u>bdsb@datenschutz.rlp.de<\/u><\/em><\/strong>.<\/p><p><strong style=\"font-size: 14px; color: var( --e-global-color-primary );\">Recht auf Daten\u00fcbertragbarkeit<\/strong><\/p><p>F\u00fcr den Fall, dass die Voraussetzungen des Art. 20 Abs. 1 DS-GVO vorliegen, steht Ihnen das Recht zu, sich Daten, die wir auf Grundlage Ihrer Einwilligung oder in Erf\u00fcllung eines Vertrags automatisiert verarbeiten, an sich oder an Dritte aush\u00e4ndigen zu lassen. Die Erfassung der Daten zur Bereitstellung der Website und die Speicherung der Protokolldateien sind f\u00fcr den Betrieb der Internetseite zwingend erforderlich. Sie beruhen daher nicht auf einer Einwilligung nach Art. 6 Abs. 1 Buchstabe a DS-GVO oder auf einem Vertrag nach Art. 6 Abs. 1 Buchstabe b DS-GVO, sondern sind nach Art. 6 Abs. 1 Buchstabe f DS-GVO gerechtfertigt. Die Voraussetzungen des Art. 20 Abs. 1 DS-GVO sind demnach insoweit nicht erf\u00fcllt.<\/p><p>\u00a0<\/p><p><strong style=\"font-size: 14px; color: var( --e-global-color-primary );\">II. Recht auf Widerspruch gem\u00e4\u00df Art. 21 Abs. 1 DS-GVO<\/strong><\/p><p>Sie haben das Recht, aus Gr\u00fcnden, die sich aus Ihrer besonderen Situation ergeben, jederzeit gegen die Verarbeitung Ihrer personenbezogenen Daten, die aufgrund von Artikel 6 Abs. 1 Buchstabe f DS-GVO erfolgt, Widerspruch einzulegen. Der Verantwortliche verarbeitet die personenbezogenen Daten dann nicht mehr, es sei denn, er kann zwingende schutzw\u00fcrdige Gr\u00fcnde f\u00fcr die Verarbeitung nachweisen, die die Interessen, Rechte und Freiheiten der betroffenen Person \u00fcberwiegen, oder die Verarbeitung dient der Geltendmachung, Aus\u00fcbung oder Verteidigung von Rechtsanspr\u00fcchen. Die Erfassung der Daten zur Bereitstellung der Website und die Speicherung der Protokolldateien sind f\u00fcr den Betrieb der Internetseite zwingend erforderlich.<\/p><p>\u00a0<\/p>\t\t\t\t\t\t\t\t<\/div>\n\t\t\t\t<\/div>\n\t\t\t\t\t<\/div>\n\t\t<\/div>\n\t\t\t\t\t<\/div>\n\t\t<\/section>\n\t\t\t\t\t<\/div>\n\t\t<\/div>\n\t\t\t\t\t<\/div>\n\t\t<\/section>\n\t\t\t\t<\/div>\n\t\t","protected":false},"excerpt":{"rendered":"<p>IMPRESSUM MICHAEL UND KERSTIN ALTEN SCHADALLERSTRASSE 35 54439 SAARBURG&nbsp; WEBMASTER@VACATIONAPARTMENT.NL 0049 (0) 15120149990 UMSATZSTEUER-NR.: NL826301289B01 DISCLAIMER Warnhinweis zu Inhalten Die kostenlosen und frei zug\u00e4nglichen Inhalte dieser Webseite wurden mit gr\u00f6\u00dftm\u00f6glicher [&hellip;]<\/p>\n","protected":false},"author":1,"featured_media":0,"parent":0,"menu_order":0,"comment_status":"closed","ping_status":"closed","template":"","meta":{"ocean_post_layout":"full-screen","ocean_both_sidebars_style":"","ocean_both_sidebars_content_width":0,"ocean_both_sidebars_sidebars_width":0,"ocean_sidebar":"","ocean_second_sidebar":"","ocean_disable_margins":"enable","ocean_add_body_class":"","ocean_shortcode_before_top_bar":"","ocean_shortcode_after_top_bar":"","ocean_shortcode_before_header":"","ocean_shortcode_after_header":"","ocean_has_shortcode":"","ocean_shortcode_after_title":"","ocean_shortcode_before_footer_widgets":"","ocean_shortcode_after_footer_widgets":"","ocean_shortcode_before_footer_bottom":"","ocean_shortcode_after_footer_bottom":"","ocean_display_top_bar":"off","ocean_display_header":"off","ocean_header_style":"","ocean_center_header_left_menu":"","ocean_custom_header_template":"","ocean_custom_logo":0,"ocean_custom_retina_logo":0,"ocean_custom_logo_max_width":0,"ocean_custom_logo_tablet_max_width":0,"ocean_custom_logo_mobile_max_width":0,"ocean_custom_logo_max_height":0,"ocean_custom_logo_tablet_max_height":0,"ocean_custom_logo_mobile_max_height":0,"ocean_header_custom_menu":"","ocean_menu_typo_font_family":"","ocean_menu_typo_font_subset":"","ocean_menu_typo_font_size":0,"ocean_menu_typo_font_size_tablet":0,"ocean_menu_typo_font_size_mobile":0,"ocean_menu_typo_font_size_unit":"px","ocean_menu_typo_font_weight":"","ocean_menu_typo_font_weight_tablet":"","ocean_menu_typo_font_weight_mobile":"","ocean_menu_typo_transform":"","ocean_menu_typo_transform_tablet":"","ocean_menu_typo_transform_mobile":"","ocean_menu_typo_line_height":0,"ocean_menu_typo_line_height_tablet":0,"ocean_menu_typo_line_height_mobile":0,"ocean_menu_typo_line_height_unit":"","ocean_menu_typo_spacing":0,"ocean_menu_typo_spacing_tablet":0,"ocean_menu_typo_spacing_mobile":0,"ocean_menu_typo_spacing_unit":"","ocean_menu_link_color":"","ocean_menu_link_color_hover":"","ocean_menu_link_color_active":"","ocean_menu_link_background":"","ocean_menu_link_hover_background":"","ocean_menu_link_active_background":"","ocean_menu_social_links_bg":"","ocean_menu_social_hover_links_bg":"","ocean_menu_social_links_color":"","ocean_menu_social_hover_links_color":"","ocean_disable_title":"on","ocean_disable_heading":"default","ocean_post_title":"","ocean_post_subheading":"","ocean_post_title_style":"","ocean_post_title_background_color":"","ocean_post_title_background":0,"ocean_post_title_bg_image_position":"","ocean_post_title_bg_image_attachment":"","ocean_post_title_bg_image_repeat":"","ocean_post_title_bg_image_size":"","ocean_post_title_height":0,"ocean_post_title_bg_overlay":0.5,"ocean_post_title_bg_overlay_color":"","ocean_disable_breadcrumbs":"default","ocean_breadcrumbs_color":"","ocean_breadcrumbs_separator_color":"","ocean_breadcrumbs_links_color":"","ocean_breadcrumbs_links_hover_color":"","ocean_display_footer_widgets":"off","ocean_display_footer_bottom":"off","ocean_custom_footer_template":"","footnotes":""},"yoast_head":"<!-- This site is optimized with the Yoast SEO plugin v22.6 - https:\/\/yoast.com\/wordpress\/plugins\/seo\/ -->\n<title>Impressum - Ferienapartment Zeeland<\/title>\n<meta name=\"robots\" content=\"index, follow, max-snippet:-1, max-image-preview:large, max-video-preview:-1\" \/>\n<link rel=\"canonical\" href=\"https:\/\/vacationapartment.nl\/en\/impressum\/\" \/>\n<meta property=\"og:locale\" content=\"en_US\" \/>\n<meta property=\"og:type\" content=\"article\" \/>\n<meta property=\"og:title\" content=\"Impressum - Ferienapartment Zeeland\" \/>\n<meta property=\"og:description\" content=\"IMPRESSUM MICHAEL UND KERSTIN ALTEN SCHADALLERSTRASSE 35 54439 SAARBURG&nbsp; WEBMASTER@VACATIONAPARTMENT.NL 0049 (0) 15120149990 UMSATZSTEUER-NR.: NL826301289B01 DISCLAIMER Warnhinweis zu Inhalten Die kostenlosen und frei zug\u00e4nglichen Inhalte dieser Webseite wurden mit gr\u00f6\u00dftm\u00f6glicher [&hellip;]\" \/>\n<meta property=\"og:url\" content=\"https:\/\/vacationapartment.nl\/en\/impressum\/\" \/>\n<meta property=\"og:site_name\" content=\"Ferienapartment Zeeland\" \/>\n<meta property=\"article:modified_time\" content=\"2023-10-25T07:35:56+00:00\" \/>\n<meta property=\"og:image\" content=\"https:\/\/vacationapartment.nl\/wp-content\/uploads\/2023\/10\/1180large-1.jpg\" \/>\n\t<meta property=\"og:image:width\" content=\"800\" \/>\n\t<meta property=\"og:image:height\" content=\"600\" \/>\n\t<meta property=\"og:image:type\" content=\"image\/jpeg\" \/>\n<meta name=\"twitter:card\" content=\"summary_large_image\" \/>\n<meta name=\"twitter:label1\" content=\"Est. reading time\" \/>\n\t<meta name=\"twitter:data1\" content=\"6 minutes\" \/>\n<script type=\"application\/ld+json\" class=\"yoast-schema-graph\">{\"@context\":\"https:\/\/schema.org\",\"@graph\":[{\"@type\":\"WebPage\",\"@id\":\"https:\/\/vacationapartment.nl\/impressum\/\",\"url\":\"https:\/\/vacationapartment.nl\/impressum\/\",\"name\":\"Impressum - Ferienapartment Zeeland\",\"isPartOf\":{\"@id\":\"https:\/\/vacationapartment.nl\/#website\"},\"datePublished\":\"2023-10-23T04:23:34+00:00\",\"dateModified\":\"2023-10-25T07:35:56+00:00\",\"breadcrumb\":{\"@id\":\"https:\/\/vacationapartment.nl\/impressum\/#breadcrumb\"},\"inLanguage\":\"en-US\",\"potentialAction\":[{\"@type\":\"ReadAction\",\"target\":[\"https:\/\/vacationapartment.nl\/impressum\/\"]}]},{\"@type\":\"BreadcrumbList\",\"@id\":\"https:\/\/vacationapartment.nl\/impressum\/#breadcrumb\",\"itemListElement\":[{\"@type\":\"ListItem\",\"position\":1,\"name\":\"Startseite\",\"item\":\"https:\/\/vacationapartment.nl\/\"},{\"@type\":\"ListItem\",\"position\":2,\"name\":\"Impressum\"}]},{\"@type\":\"WebSite\",\"@id\":\"https:\/\/vacationapartment.nl\/#website\",\"url\":\"https:\/\/vacationapartment.nl\/\",\"name\":\"Ferienapartment Zeeland\",\"description\":\"\u00dcbernachten am weitl\u00e4ufigen D\u00fcnenstrand und auf der sonnigen Hafenseite von Breskens\",\"potentialAction\":[{\"@type\":\"SearchAction\",\"target\":{\"@type\":\"EntryPoint\",\"urlTemplate\":\"https:\/\/vacationapartment.nl\/?s={search_term_string}\"},\"query-input\":\"required name=search_term_string\"}],\"inLanguage\":\"en-US\"}]}<\/script>\n<!-- \/ Yoast SEO plugin. -->","yoast_head_json":{"title":"Impressum - Ferienapartment Zeeland","robots":{"index":"index","follow":"follow","max-snippet":"max-snippet:-1","max-image-preview":"max-image-preview:large","max-video-preview":"max-video-preview:-1"},"canonical":"https:\/\/vacationapartment.nl\/en\/impressum\/","og_locale":"en_US","og_type":"article","og_title":"Impressum - Ferienapartment Zeeland","og_description":"IMPRESSUM MICHAEL UND KERSTIN ALTEN SCHADALLERSTRASSE 35 54439 SAARBURG&nbsp; WEBMASTER@VACATIONAPARTMENT.NL 0049 (0) 15120149990 UMSATZSTEUER-NR.: NL826301289B01 DISCLAIMER Warnhinweis zu Inhalten Die kostenlosen und frei zug\u00e4nglichen Inhalte dieser Webseite wurden mit gr\u00f6\u00dftm\u00f6glicher [&hellip;]","og_url":"https:\/\/vacationapartment.nl\/en\/impressum\/","og_site_name":"Ferienapartment Zeeland","article_modified_time":"2023-10-25T07:35:56+00:00","og_image":[{"width":800,"height":600,"url":"https:\/\/vacationapartment.nl\/wp-content\/uploads\/2023\/10\/1180large-1.jpg","type":"image\/jpeg"}],"twitter_card":"summary_large_image","twitter_misc":{"Est. reading time":"6 minutes"},"schema":{"@context":"https:\/\/schema.org","@graph":[{"@type":"WebPage","@id":"https:\/\/vacationapartment.nl\/impressum\/","url":"https:\/\/vacationapartment.nl\/impressum\/","name":"Impressum - Ferienapartment Zeeland","isPartOf":{"@id":"https:\/\/vacationapartment.nl\/#website"},"datePublished":"2023-10-23T04:23:34+00:00","dateModified":"2023-10-25T07:35:56+00:00","breadcrumb":{"@id":"https:\/\/vacationapartment.nl\/impressum\/#breadcrumb"},"inLanguage":"en-US","potentialAction":[{"@type":"ReadAction","target":["https:\/\/vacationapartment.nl\/impressum\/"]}]},{"@type":"BreadcrumbList","@id":"https:\/\/vacationapartment.nl\/impressum\/#breadcrumb","itemListElement":[{"@type":"ListItem","position":1,"name":"Startseite","item":"https:\/\/vacationapartment.nl\/"},{"@type":"ListItem","position":2,"name":"Impressum"}]},{"@type":"WebSite","@id":"https:\/\/vacationapartment.nl\/#website","url":"https:\/\/vacationapartment.nl\/","name":"Ferienapartment Zeeland","description":"\u00dcbernachten am weitl\u00e4ufigen D\u00fcnenstrand und auf der sonnigen Hafenseite von Breskens","potentialAction":[{"@type":"SearchAction","target":{"@type":"EntryPoint","urlTemplate":"https:\/\/vacationapartment.nl\/?s={search_term_string}"},"query-input":"required name=search_term_string"}],"inLanguage":"en-US"}]}},"_links":{"self":[{"href":"https:\/\/vacationapartment.nl\/en\/wp-json\/wp\/v2\/pages\/35"}],"collection":[{"href":"https:\/\/vacationapartment.nl\/en\/wp-json\/wp\/v2\/pages"}],"about":[{"href":"https:\/\/vacationapartment.nl\/en\/wp-json\/wp\/v2\/types\/page"}],"author":[{"embeddable":true,"href":"https:\/\/vacationapartment.nl\/en\/wp-json\/wp\/v2\/users\/1"}],"replies":[{"embeddable":true,"href":"https:\/\/vacationapartment.nl\/en\/wp-json\/wp\/v2\/comments?post=35"}],"version-history":[{"count":29,"href":"https:\/\/vacationapartment.nl\/en\/wp-json\/wp\/v2\/pages\/35\/revisions"}],"predecessor-version":[{"id":674,"href":"https:\/\/vacationapartment.nl\/en\/wp-json\/wp\/v2\/pages\/35\/revisions\/674"}],"wp:attachment":[{"href":"https:\/\/vacationapartment.nl\/en\/wp-json\/wp\/v2\/media?parent=35"}],"curies":[{"name":"wp","href":"https:\/\/api.w.org\/{rel}","templated":true}]}}